{"id":1110,"date":"2022-10-19T08:16:19","date_gmt":"2022-10-19T08:16:19","guid":{"rendered":"https:\/\/startersites.io\/elementor\/wedding\/?page_id=1110"},"modified":"2026-04-18T00:42:54","modified_gmt":"2026-04-17T22:42:54","slug":"o-meni","status":"publish","type":"page","link":"https:\/\/simezupan.com\/index.php\/o-meni\/","title":{"rendered":"O meni"},"content":{"rendered":"\t\t<div data-elementor-type=\"wp-page\" data-elementor-id=\"1110\" class=\"elementor elementor-1110\">\n\t\t\t\t<div class=\"elementor-element elementor-element-3cfa108 e-flex e-con-boxed e-con e-parent\" data-id=\"3cfa108\" data-element_type=\"container\" data-e-type=\"container\" data-settings=\"{&quot;background_background&quot;:&quot;classic&quot;}\">\n\t\t\t\t\t<div class=\"e-con-inner\">\n\t\t\t\t<div class=\"elementor-element elementor-element-771f4ac elementor-widget elementor-widget-heading\" data-id=\"771f4ac\" data-element_type=\"widget\" data-e-type=\"widget\" data-widget_type=\"heading.default\">\n\t\t\t\t\t<h2 class=\"elementor-heading-title elementor-size-default\">Fotograf Rijeka, Hrvatska<\/h2>\t\t\t\t<\/div>\n\t\t\t\t\t<\/div>\n\t\t\t\t<\/div>\n\t\t<div class=\"elementor-element elementor-element-19596e0 e-flex e-con-boxed e-con e-parent\" data-id=\"19596e0\" data-element_type=\"container\" data-e-type=\"container\">\n\t\t\t\t\t<div class=\"e-con-inner\">\n\t\t<div class=\"elementor-element elementor-element-c4fe122 e-flex e-con-boxed e-con e-child\" data-id=\"c4fe122\" data-element_type=\"container\" data-e-type=\"container\" data-settings=\"{&quot;background_background&quot;:&quot;classic&quot;}\">\n\t\t\t\t\t<div class=\"e-con-inner\">\n\t\t<div class=\"elementor-element elementor-element-31ab3e6 e-con-full e-flex e-con e-child\" data-id=\"31ab3e6\" data-element_type=\"container\" data-e-type=\"container\">\n\t\t\t\t<div class=\"elementor-element elementor-element-72d7257 elementor-widget elementor-widget-heading\" data-id=\"72d7257\" data-element_type=\"widget\" data-e-type=\"widget\" data-widget_type=\"heading.default\">\n\t\t\t\t\t<h2 class=\"elementor-heading-title elementor-size-default\">Profesionalna fotografija vjen\u010danja i kr\u0161tenja Rijeka<\/h2>\t\t\t\t<\/div>\n\t\t\t\t<\/div>\n\t\t<div class=\"elementor-element elementor-element-95255aa e-con-full e-flex e-con e-child\" data-id=\"95255aa\" data-element_type=\"container\" data-e-type=\"container\">\n\t\t\t\t<div class=\"elementor-element elementor-element-b5db619 elementor-widget elementor-widget-text-editor\" data-id=\"b5db619\" data-element_type=\"widget\" data-e-type=\"widget\" data-widget_type=\"text-editor.default\">\n\t\t\t\t\t\t\t\t\t<h2 data-path-to-node=\"2\">Va\u0161a pri\u010da kroz moj objektiv<\/h2><p data-path-to-node=\"3\">Zovem se \u0160ime \u017dupan, imam 30 godina i iza mene je ve\u0107 14 godina profesionalnog puta kroz koji sam imao \u010dast zabilje\u017eiti bezbroj osmijeha, suza radosnica i toplih zagrljaja. Kao diplomirani fotograf, svoju ulogu vidim u prepoznavanju onih sitnih, \u010desto nevidljivih detalja koji \u010dine sr\u017e va\u0161ih najva\u017enijih \u017eivotnih poglavlja.<\/p><p data-path-to-node=\"3\">Vjen\u010danja i kr\u0161tenja za mene su puno vi\u0161e od samih sve\u010danosti; to su trenuci \u010diste ljubavi i po\u010deci novih pri\u010da koje zaslu\u017euju biti ispri\u010dane s posebnom pa\u017enjom. Svakom snimanju pristupam s istim \u017earom kao i prvog dana, spajaju\u0107i modernu viziju i energiju s profesionalnom stru\u010dno\u0161\u0107u koju donosi dugogodi\u0161nja karijera.<\/p><p data-path-to-node=\"5\">Iako mi je baza u Rijeci, moj objektiv prati va\u0161e pri\u010de diljem Kvarnera i cijele<b data-path-to-node=\"5\" data-index-in-node=\"63\"> Hrvatske<\/b>. Moja je strast pretvoriti te prolazne, dragocjene trenutke u vje\u010dne uspomene koje \u0107ete s ponosom \u010duvati cijeli \u017eivot.<\/p><p data-path-to-node=\"6\">Dopustite mi da ispri\u010dam va\u0161u pri\u010du.<\/p><p data-path-to-node=\"4\">\u00a0<\/p>\t\t\t\t\t\t\t\t<\/div>\n\t\t\t\t<\/div>\n\t\t\t\t\t<\/div>\n\t\t\t\t<\/div>\n\t\t\t\t\t<\/div>\n\t\t\t\t<\/div>\n\t\t<div class=\"elementor-element elementor-element-9c69bc2 e-flex e-con-boxed e-con e-parent\" data-id=\"9c69bc2\" data-element_type=\"container\" data-e-type=\"container\" data-settings=\"{&quot;background_background&quot;:&quot;classic&quot;}\">\n\t\t\t\t\t<div class=\"e-con-inner\">\n\t\t<div class=\"elementor-element elementor-element-c42c377 e-flex e-con-boxed e-con e-child\" data-id=\"c42c377\" data-element_type=\"container\" data-e-type=\"container\">\n\t\t\t\t\t<div class=\"e-con-inner\">\n\t\t<div class=\"elementor-element elementor-element-450cdfa e-flex e-con-boxed e-con e-child\" data-id=\"450cdfa\" data-element_type=\"container\" data-e-type=\"container\">\n\t\t\t\t\t<div class=\"e-con-inner\">\n\t\t\t\t<div class=\"elementor-element elementor-element-394d996 elementor-widget elementor-widget-heading\" data-id=\"394d996\" data-element_type=\"widget\" data-e-type=\"widget\" data-widget_type=\"heading.default\">\n\t\t\t\t\t<h4 class=\"elementor-heading-title elementor-size-default\">\u0160ime \u017dupan<\/h4>\t\t\t\t<\/div>\n\t\t\t\t<div class=\"elementor-element elementor-element-af781fe elementor-widget elementor-widget-image\" data-id=\"af781fe\" data-element_type=\"widget\" data-e-type=\"widget\" data-widget_type=\"image.default\">\n\t\t\t\t\t\t\t\t\t\t\t\t<figure class=\"wp-caption\">\n\t\t\t\t\t\t\t\t\t\t<img fetchpriority=\"high\" decoding=\"async\" width=\"640\" height=\"640\" src=\"https:\/\/simezupan.com\/wp-content\/uploads\/2026\/03\/IMG_9833.jpg\" class=\"attachment-large size-large wp-image-2038\" alt=\"\" srcset=\"https:\/\/simezupan.com\/wp-content\/uploads\/2026\/03\/IMG_9833.jpg 640w, https:\/\/simezupan.com\/wp-content\/uploads\/2026\/03\/IMG_9833-300x300.jpg 300w, https:\/\/simezupan.com\/wp-content\/uploads\/2026\/03\/IMG_9833-150x150.jpg 150w\" sizes=\"(max-width: 640px) 100vw, 640px\" \/>\t\t\t\t\t\t\t\t\t\t\t<figcaption class=\"widget-image-caption wp-caption-text\"><\/figcaption>\n\t\t\t\t\t\t\t\t\t\t<\/figure>\n\t\t\t\t\t\t\t\t\t<\/div>\n\t\t\t\t<div class=\"elementor-element elementor-element-2209e17 elementor-widget elementor-widget-text-editor\" data-id=\"2209e17\" data-element_type=\"widget\" data-e-type=\"widget\" data-widget_type=\"text-editor.default\">\n\t\t\t\t\t\t\t\t\t<div class=\"gs\">\n<div class=\"\">\n<div id=\":2a\" class=\"ii gt adO\">\n<div id=\":29\" class=\"a3s aiL \">\n<div>\n<div>\n<div>\n<p>Vjen\u010danja, kr\u0161tenja, obiteljske fotografije<\/p>\n<p>Rijeka \u2022 Kvarner \u2022 Istra \u2022 Dalmacija \u2022 Slavonija<\/p>\n<\/div>\n<\/div>\n<\/div>\n<\/div>\n<\/div>\n<div id=\"avWBGd-55\" class=\"WhmR8e\" data-hash=\"0\">\u00a0<\/div>\n<\/div>\n<\/div>\t\t\t\t\t\t\t\t<\/div>\n\t\t\t\t\t<\/div>\n\t\t\t\t<\/div>\n\t\t\t\t\t<\/div>\n\t\t\t\t<\/div>\n\t\t\t\t\t<\/div>\n\t\t\t\t<\/div>\n\t\t\t\t<\/div>\n\t\t","protected":false},"excerpt":{"rendered":"<p>Fotograf Rijeka, Hrvatska Profesionalna fotografija vjen\u010danja i kr\u0161tenja Rijeka Va\u0161a pri\u010da kroz moj objektiv Zovem se \u0160ime \u017dupan, imam 30 godina i iza mene je ve\u0107 14 godina profesionalnog puta kroz koji sam imao \u010dast zabilje\u017eiti bezbroj osmijeha, suza radosnica i toplih zagrljaja. Kao diplomirani fotograf, svoju ulogu vidim u prepoznavanju onih sitnih, \u010desto nevidljivih [&hellip;]<\/p>\n","protected":false},"author":1,"featured_media":0,"parent":0,"menu_order":0,"comment_status":"closed","ping_status":"closed","template":"","meta":{"om_disable_all_campaigns":false,"_monsterinsights_skip_tracking":false,"_monsterinsights_sitenote_active":false,"_monsterinsights_sitenote_note":"","_monsterinsights_sitenote_category":0,"_uf_show_specific_survey":0,"_uf_disable_surveys":false,"footnotes":""},"class_list":["post-1110","page","type-page","status-publish","hentry"],"blocksy_meta":{"page_title_panel":"","has_hero_section":"disabled","9ccc6e22b0ebde1833393100f265018f":"","hero_section":"type-1","hero_elements":[{"id":"custom_title","enabled":true,"heading_tag":"h1","title":"Home"},{"id":"custom_description","enabled":true,"description_visibility":{"desktop":true,"tablet":true,"mobile":false}},{"id":"custom_meta","enabled":false,"meta_elements":[{"id":"author","enabled":true,"label":"By","has_author_avatar":"yes","avatar_size":25},{"id":"post_date","enabled":true,"label":"On","date_format_source":"default","date_format":"M j, Y"},{"id":"updated_date","enabled":false,"label":"On","date_format_source":"default","date_format":"M j, Y"},{"id":"categories","enabled":false,"label":"In","style":"simple"},{"id":"comments","enabled":true}],"page_meta_elements":{"joined":true,"articles_count":true,"comments":true}},{"id":"breadcrumbs","enabled":false}],"bc879f7d13e2539a6e89125caf59f97d":"","hero_alignment1":"CT_CSS_SKIP_RULE","hero_margin":40,"hero_alignment2":"center","hero_vertical_alignment":"center","84e63a4696530818f3b03cc55cba15ae":"","hero_structure":"narrow","d54cb290fb3776c408aff34d87c6234d":"","page_title_bg_type":"featured_image","custom_hero_background":{"attachment_id":null},"page_title_image_size":"full","parallax":{"desktop":false,"tablet":false,"mobile":false},"ddfb1aa47b8227259cfe2c759af7e9ba":"","hero_height":"250px","pageTitleFont":{"family":"Default","variation":"Default","size":"30px","line-height":"CT_CSS_SKIP_RULE","letter-spacing":"CT_CSS_SKIP_RULE","text-transform":"CT_CSS_SKIP_RULE","text-decoration":"CT_CSS_SKIP_RULE"},"pageTitleFontColor":{"default":{"color":"CT_CSS_SKIP_RULEDEFAULT"}},"pageMetaFont":{"family":"Default","variation":"n6","size":"12px","line-height":"1.3","letter-spacing":"CT_CSS_SKIP_RULE","text-transform":"uppercase","text-decoration":"CT_CSS_SKIP_RULE"},"pageMetaFontColor":{"default":{"color":"CT_CSS_SKIP_RULEDEFAULT"},"hover":{"color":"CT_CSS_SKIP_RULEDEFAULT"}},"page_meta_button_type_font_colors":{"default":{"color":"CT_CSS_SKIP_RULEDEFAULT"},"hover":{"color":"CT_CSS_SKIP_RULEDEFAULT"}},"page_meta_button_type_background_colors":{"default":{"color":"CT_CSS_SKIP_RULEDEFAULT"},"hover":{"color":"CT_CSS_SKIP_RULEDEFAULT"}},"pageExcerptFont":{"family":"Default","variation":"Default","size":"CT_CSS_SKIP_RULE","line-height":"CT_CSS_SKIP_RULE","letter-spacing":"CT_CSS_SKIP_RULE","text-transform":"CT_CSS_SKIP_RULE","text-decoration":"CT_CSS_SKIP_RULE"},"pageExcerptColor":{"default":{"color":"CT_CSS_SKIP_RULEDEFAULT"}},"breadcrumbsFont":{"family":"Default","variation":"Default","size":"CT_CSS_SKIP_RULE","line-height":"CT_CSS_SKIP_RULE","letter-spacing":"CT_CSS_SKIP_RULE","text-transform":"CT_CSS_SKIP_RULE","text-decoration":"CT_CSS_SKIP_RULE"},"breadcrumbsFontColor":{"default":{"color":"CT_CSS_SKIP_RULEDEFAULT"},"initial":{"color":"CT_CSS_SKIP_RULEDEFAULT"},"hover":{"color":"CT_CSS_SKIP_RULEDEFAULT"}},"pageTitleOverlay":{"background_type":"color","background_pattern":"type-1","background_image":{"attachment_id":null,"x":0,"y":0},"gradient":"linear-gradient(135deg,rgba(6,147,227,1) 0%,rgb(155,81,224) 100%)","background_repeat":"repeat","background_size":"auto","background_attachment":"scroll","patternColor":{"default":{"color":"#e5e7ea"}},"overlayColor":{"default":{"color":"CT_CSS_SKIP_RULE"}},"backgroundColor":{"default":{"color":"CT_CSS_SKIP_RULE"}}},"pageTitleBackground":{"background_type":"color","background_pattern":"type-1","background_image":{"attachment_id":null,"x":0,"y":0},"gradient":"linear-gradient(135deg,rgba(6,147,227,1) 0%,rgb(155,81,224) 100%)","background_repeat":"repeat","background_size":"auto","background_attachment":"scroll","patternColor":{"default":{"color":"#e5e7ea"}},"overlayColor":{"default":{"color":"CT_CSS_SKIP_RULE"}},"backgroundColor":{"default":{"color":"var(--theme-palette-color-6)"}}},"pageTitlePadding":{"top":"50px","bottom":"50px","left":"auto","right":"auto","linked":true},"3473fc831647b772382e38eb4a6a4726":"","page_structure_type":"default","efcac9982ce6f8d55a56c2b9bcc71daf":"","content_style_source":"inherit","content_style":"wide","vertical_spacing_source":"custom","content_area_spacing":"none","background":{"background_type":"color","background_pattern":"type-1","background_image":{"attachment_id":null,"x":0,"y":0},"gradient":"linear-gradient(135deg,rgba(6,147,227,1) 0%,rgb(155,81,224) 100%)","background_repeat":"repeat","background_size":"auto","background_attachment":"scroll","patternColor":{"default":{"color":"#e5e7ea"}},"overlayColor":{"default":{"color":"CT_CSS_SKIP_RULE"}},"backgroundColor":{"default":{"color":"CT_CSS_SKIP_RULE"}}},"content_background":{"background_type":"color","background_pattern":"type-1","background_image":{"attachment_id":null,"x":0,"y":0},"gradient":"linear-gradient(135deg,rgba(6,147,227,1) 0%,rgb(155,81,224) 100%)","background_repeat":"repeat","background_size":"auto","background_attachment":"scroll","patternColor":{"default":{"color":"#e5e7ea"}},"overlayColor":{"default":{"color":"CT_CSS_SKIP_RULE"}},"backgroundColor":{"default":{"color":"var(--theme-palette-color-8)"}}},"content_boxed_shadow":{"inherit":false,"blur":18,"spread":-6,"v_offset":12,"h_offset":0,"inset":false,"enable":true,"color":{"color":"rgba(34, 56, 101, 0.04)"}},"content_boxed_border":{"width":1,"style":"none","color":{"color":"rgba(44,62,80,0.2)"}},"content_boxed_radius":{"top":"3px","bottom":"3px","left":"3px","right":"3px","linked":true},"boxed_content_spacing":{"desktop":{"top":"40px","bottom":"40px","left":"40px","right":"40px","linked":true},"tablet":{"top":"35px","bottom":"35px","left":"35px","right":"35px","linked":true},"mobile":{"top":"20px","bottom":"20px","left":"20px","right":"20px","linked":true}},"1b9d3d9f9617067fdc660ae32bcabe65":"","disable_featured_image":"no","disable_share_box":"no","disable_header":"no","disable_footer":"no","styles_descriptor":{"styles":{"desktop":"","tablet":"","mobile":""},"google_fonts":[],"version":6}},"aioseo_notices":[],"_links":{"self":[{"href":"https:\/\/simezupan.com\/index.php\/wp-json\/wp\/v2\/pages\/1110","targetHints":{"allow":["GET"]}}],"collection":[{"href":"https:\/\/simezupan.com\/index.php\/wp-json\/wp\/v2\/pages"}],"about":[{"href":"https:\/\/simezupan.com\/index.php\/wp-json\/wp\/v2\/types\/page"}],"author":[{"embeddable":true,"href":"https:\/\/simezupan.com\/index.php\/wp-json\/wp\/v2\/users\/1"}],"replies":[{"embeddable":true,"href":"https:\/\/simezupan.com\/index.php\/wp-json\/wp\/v2\/comments?post=1110"}],"version-history":[{"count":74,"href":"https:\/\/simezupan.com\/index.php\/wp-json\/wp\/v2\/pages\/1110\/revisions"}],"predecessor-version":[{"id":2389,"href":"https:\/\/simezupan.com\/index.php\/wp-json\/wp\/v2\/pages\/1110\/revisions\/2389"}],"wp:attachment":[{"href":"https:\/\/simezupan.com\/index.php\/wp-json\/wp\/v2\/media?parent=1110"}],"curies":[{"name":"wp","href":"https:\/\/api.w.org\/{rel}","templated":true}]}}